{"id":1874,"date":"2010-03-02T00:39:48","date_gmt":"2010-03-01T23:39:48","guid":{"rendered":"http:\/\/www.runningsocks.de\/wordpress\/?page_id=1874"},"modified":"2017-10-25T13:09:43","modified_gmt":"2017-10-25T11:09:43","slug":"termin-und-anmeldung-aktuell","status":"publish","type":"page","link":"https:\/\/www.runningsocks.de\/wordpress\/terminkalender\/termin-und-anmeldung-aktuell\/","title":{"rendered":"zuk\u00fcnftige Termine nach Kategorie"},"content":{"rendered":"<p>Views: 146<\/p><p>Kategorie ausw\u00e4hlen und anschlie\u00dfend mit Button &#8222;anzeigen&#8220; best\u00e4tigen.<\/p>\n<table style=\"width: 640px; height: 59px;\" border=\"0\" align=\"center\">\n<tbody>\n<tr>\n<td><code><form id='eme_filter_form-eme_0aa8018df49782e286081316d788126964c9a120f0e45b' name='eme_filter_form' action='' method='POST'><input type='hidden' name='eme_eventAction' value='filter'><select class='eme_snapselect_allow_empty' aria-label=\"Eine oder mehrere Kategorien ausw\u00e4hlen\" data-placeholder='Eine oder mehrere Kategorien ausw\u00e4hlen' multiple='multiple' name='eme_cat_filter[]' id='eme_cat_filter' size='5'><option value='8' >Biathlon<\/option><option value='16' >Brauerei<\/option><option value='18' >Brennerei<\/option><option value='2' >Cross<\/option><option value='5' >Duathlon<\/option><option value='10' >Kirchweih, Feste<\/option><option value='1' >Lauf<\/option><option value='3' >MTB<\/option><option value='9' >Musik, Open Air<\/option><option value='4' >Rennrad<\/option><option value='7' >Run &amp; Bike<\/option><option value='17' >Ski-Abfahrt<\/option><option value='6' >Triathlon<\/option><option value='14' >Triathlon &#8211; Distanz: Mittel<\/option><option value='13' >Triathlon &#8211; Distanz: Olympisch<\/option><option value='15' >Triathlon &#8211; Distanz: Sprint<\/option><option value='12' >Triathlon &#8211; Distanz: Volks<\/option><option value='11' >Triathlon &#8211; Staffel<\/option> <\/select><input name='eme_submit_button' class='eme_submit_button' type='submit' value='anzeigen'><\/form><\/code><span style=\"text-decoration: underline;\"><span style=\"text-decoration: underline;\"><span style=\"text-decoration: underline;\"><span style=\"text-decoration: underline;\"><span style=\"text-decoration: underline;\"><span style=\"text-decoration: underline;\"><span style=\"text-decoration: underline;\"><span style=\"text-decoration: underline;\"><br \/>\n<\/span><\/span><\/span><\/span><\/span><\/span><\/span><\/span><\/td>\n<td align=\"right\">\n<p style=\"text-align: right;\"><strong><span style=\"font-size: medium;\"><a href='https:\/\/www.runningsocks.de\/wordpress\/?eme_rss=main&#038;scope=future&#038;show_ongoing=1&#038;order=ASC&#038;category=&#038;author=&#038;contact_person=&#038;limit=5&#038;location_id=&#038;title='>RSS<\/a><\/span><\/strong><\/p>\n<\/td>\n<\/tr>\n<tr>\n<td colspan=\"2\"><span class='events-no-events'>keine Termine<\/span><\/td>\n<\/tr>\n<\/tbody>\n<\/table>\n<h3 style=\"text-align: justify;\"><code><br \/>\n<\/code><\/h3>\n","protected":false},"excerpt":{"rendered":"<p>Views: 146Kategorie ausw\u00e4hlen und anschlie\u00dfend mit Button &#8222;anzeigen&#8220; best\u00e4tigen.<\/p>\n","protected":false},"author":2,"featured_media":0,"parent":1946,"menu_order":1,"comment_status":"closed","ping_status":"open","template":"","meta":{"footnotes":""},"class_list":["post-1874","page","type-page","status-publish","hentry","category-1-id","post-seq-1","post-parity-odd","meta-position-corners","fix"],"_links":{"self":[{"href":"https:\/\/www.runningsocks.de\/wordpress\/wp-json\/wp\/v2\/pages\/1874","targetHints":{"allow":["GET"]}}],"collection":[{"href":"https:\/\/www.runningsocks.de\/wordpress\/wp-json\/wp\/v2\/pages"}],"about":[{"href":"https:\/\/www.runningsocks.de\/wordpress\/wp-json\/wp\/v2\/types\/page"}],"author":[{"embeddable":true,"href":"https:\/\/www.runningsocks.de\/wordpress\/wp-json\/wp\/v2\/users\/2"}],"replies":[{"embeddable":true,"href":"https:\/\/www.runningsocks.de\/wordpress\/wp-json\/wp\/v2\/comments?post=1874"}],"version-history":[{"count":10,"href":"https:\/\/www.runningsocks.de\/wordpress\/wp-json\/wp\/v2\/pages\/1874\/revisions"}],"predecessor-version":[{"id":83982,"href":"https:\/\/www.runningsocks.de\/wordpress\/wp-json\/wp\/v2\/pages\/1874\/revisions\/83982"}],"up":[{"embeddable":true,"href":"https:\/\/www.runningsocks.de\/wordpress\/wp-json\/wp\/v2\/pages\/1946"}],"wp:attachment":[{"href":"https:\/\/www.runningsocks.de\/wordpress\/wp-json\/wp\/v2\/media?parent=1874"}],"curies":[{"name":"wp","href":"https:\/\/api.w.org\/{rel}","templated":true}]}}