{"id":3016,"date":"2010-12-11T18:53:59","date_gmt":"2010-12-11T17:53:59","guid":{"rendered":"http:\/\/www.runningsocks.de\/wordpress\/"},"modified":"2016-10-09T23:09:49","modified_gmt":"2016-10-09T21:09:49","slug":"vid-mus-sharon-jones","status":"publish","type":"page","link":"https:\/\/www.runningsocks.de\/wordpress\/multimedia-galerie\/videomusik-vidmus\/vid-mus-sharon-jones\/","title":{"rendered":"Vid:Mus:Sharon Jones"},"content":{"rendered":"<p>Views: 126<\/p><p><a href=\"http:\/\/www.sharonjonesandthedapkings.com\/\">Sharon Jones &amp; The Dap-Kings<\/a> haben in den USA nahezu im Alleingang die R\u00fcckkehr des Soul zu seinem traditionellen Sound in Kraft gesetzt. hre Musik strotzt vor W\u00e4rme und Spontaneit\u00e4t, die an die goldenen Tage und N\u00e4chte von Muscle Shoals und Stax erinnert.<\/p>\n<p>(Quelle: <a href=\"http:\/\/www.wdr.de\/tv\/rockpalast\/extra\/bands\/stu\/sharon_jones_n_the_dap-kings.jsp\">WDR<\/a> )<\/p>\n\n","protected":false},"excerpt":{"rendered":"<p>Views: 126Sharon Jones &amp; The Dap-Kings haben in den USA nahezu im Alleingang die R\u00fcckkehr des Soul zu seinem traditionellen Sound in Kraft gesetzt. hre Musik strotzt vor W\u00e4rme und Spontaneit\u00e4t, die an die goldenen Tage und N\u00e4chte von Muscle Shoals und Stax erinnert. (Quelle: WDR )<\/p>\n","protected":false},"author":2,"featured_media":0,"parent":3028,"menu_order":4,"comment_status":"open","ping_status":"closed","template":"","meta":{"footnotes":""},"class_list":["post-3016","page","type-page","status-publish","hentry","post-seq-1","post-parity-odd","meta-position-corners","fix"],"_links":{"self":[{"href":"https:\/\/www.runningsocks.de\/wordpress\/wp-json\/wp\/v2\/pages\/3016","targetHints":{"allow":["GET"]}}],"collection":[{"href":"https:\/\/www.runningsocks.de\/wordpress\/wp-json\/wp\/v2\/pages"}],"about":[{"href":"https:\/\/www.runningsocks.de\/wordpress\/wp-json\/wp\/v2\/types\/page"}],"author":[{"embeddable":true,"href":"https:\/\/www.runningsocks.de\/wordpress\/wp-json\/wp\/v2\/users\/2"}],"replies":[{"embeddable":true,"href":"https:\/\/www.runningsocks.de\/wordpress\/wp-json\/wp\/v2\/comments?post=3016"}],"version-history":[{"count":4,"href":"https:\/\/www.runningsocks.de\/wordpress\/wp-json\/wp\/v2\/pages\/3016\/revisions"}],"predecessor-version":[{"id":79645,"href":"https:\/\/www.runningsocks.de\/wordpress\/wp-json\/wp\/v2\/pages\/3016\/revisions\/79645"}],"up":[{"embeddable":true,"href":"https:\/\/www.runningsocks.de\/wordpress\/wp-json\/wp\/v2\/pages\/3028"}],"wp:attachment":[{"href":"https:\/\/www.runningsocks.de\/wordpress\/wp-json\/wp\/v2\/media?parent=3016"}],"curies":[{"name":"wp","href":"https:\/\/api.w.org\/{rel}","templated":true}]}}