{"id":553,"date":"2009-02-24T14:49:34","date_gmt":"2009-02-24T13:49:34","guid":{"rendered":"http:\/\/runningsocks.hobby-site.com\/wordpress\/gastebuch"},"modified":"2019-01-02T23:07:54","modified_gmt":"2019-01-02T22:07:54","slug":"gastebuch","status":"publish","type":"page","link":"https:\/\/www.runningsocks.de\/wordpress\/wie-funktionierts\/gastebuch\/","title":{"rendered":"G\u00e4stebuch"},"content":{"rendered":"<p>Views: 470<\/p><table style=\"width: 730px;\" border=\"0\">\n<tbody>\n<tr>\n<td><\/td>\n<td style=\"text-align: right;\">[CPD_READS_THIS] x gelesen<\/td>\n<\/tr>\n<\/tbody>\n<\/table>\n<p><strong>Willkommen auf meiner G\u00e4stebuch-Seite! <\/strong><img loading=\"lazy\" decoding=\"async\" src=\"https:\/\/www.runningsocks.de\/wordpress\/wp-content\/uploads\/image\/Musik.jpg\" alt=\"\" width=\"200\" height=\"231\" align=\"right\" border=\"1\" hspace=\"2\" vspace=\"2\" \/><\/p>\n<div class=\"contentpane\">\n<p>&nbsp;<\/p>\n<p>Ich freue mich nat\u00fcrlich \u00fcber jeden Beitrag in meinem G\u00e4stebuch. Insbesondere bin ich f\u00fcr Anregungen jeder Art rund um das Laufen, Radfahren, Schwimmen (im allgemeinen auch unter Duathlon bzw. Triathlon bekannt),\u00a0 Hevay Metal und meine Website dankbar.<\/p>\n<p class=\"hint\">Ich behalte mir vor, Beitr\u00e4ge mit rechts- oder sittenwidrigem Inhalt ohne weitere R\u00fccksprache mit deren Verfassern aus meinem G\u00e4stebuch zu l\u00f6schen!<\/p>\n<\/div>\n","protected":false},"excerpt":{"rendered":"<p>Views: 470 [CPD_READS_THIS] x gelesen Willkommen auf meiner G\u00e4stebuch-Seite! &nbsp; Ich freue mich nat\u00fcrlich \u00fcber jeden Beitrag in meinem G\u00e4stebuch. Insbesondere bin ich f\u00fcr Anregungen jeder Art rund um das Laufen, Radfahren, Schwimmen (im allgemeinen auch unter Duathlon bzw. Triathlon bekannt),\u00a0 Hevay Metal und meine Website dankbar. Ich behalte mir vor, Beitr\u00e4ge mit rechts- oder <a href='https:\/\/www.runningsocks.de\/wordpress\/wie-funktionierts\/gastebuch\/' class='excerpt-more'>[&#8230;]<\/a><\/p>\n","protected":false},"author":2,"featured_media":0,"parent":84,"menu_order":5,"comment_status":"open","ping_status":"closed","template":"","meta":{"footnotes":""},"class_list":["post-553","page","type-page","status-publish","hentry","category-1-id","post-seq-1","post-parity-odd","meta-position-corners","fix"],"_links":{"self":[{"href":"https:\/\/www.runningsocks.de\/wordpress\/wp-json\/wp\/v2\/pages\/553","targetHints":{"allow":["GET"]}}],"collection":[{"href":"https:\/\/www.runningsocks.de\/wordpress\/wp-json\/wp\/v2\/pages"}],"about":[{"href":"https:\/\/www.runningsocks.de\/wordpress\/wp-json\/wp\/v2\/types\/page"}],"author":[{"embeddable":true,"href":"https:\/\/www.runningsocks.de\/wordpress\/wp-json\/wp\/v2\/users\/2"}],"replies":[{"embeddable":true,"href":"https:\/\/www.runningsocks.de\/wordpress\/wp-json\/wp\/v2\/comments?post=553"}],"version-history":[{"count":3,"href":"https:\/\/www.runningsocks.de\/wordpress\/wp-json\/wp\/v2\/pages\/553\/revisions"}],"predecessor-version":[{"id":84437,"href":"https:\/\/www.runningsocks.de\/wordpress\/wp-json\/wp\/v2\/pages\/553\/revisions\/84437"}],"up":[{"embeddable":true,"href":"https:\/\/www.runningsocks.de\/wordpress\/wp-json\/wp\/v2\/pages\/84"}],"wp:attachment":[{"href":"https:\/\/www.runningsocks.de\/wordpress\/wp-json\/wp\/v2\/media?parent=553"}],"curies":[{"name":"wp","href":"https:\/\/api.w.org\/{rel}","templated":true}]}}