{"id":76899,"date":"2014-03-10T21:42:43","date_gmt":"2014-03-10T20:42:43","guid":{"rendered":"http:\/\/www.runningsocks.de\/wordpress\/?page_id=76899"},"modified":"2016-10-09T23:09:49","modified_gmt":"2016-10-09T21:09:49","slug":"bier-und-brauereien-landschaft","status":"publish","type":"page","link":"https:\/\/www.runningsocks.de\/wordpress\/allerlei\/bier-und-brauereien-landschaft\/","title":{"rendered":"Bier- und Brauereien Landschaft"},"content":{"rendered":"<p>Views: 124<\/p><table style=\"width: 730px;\" border=\"0\">\n<tbody>\n<tr>\n<td><\/td>\n<td style=\"text-align: right;\">[CPD_READS_THIS] x gelesen<\/td>\n<\/tr>\n<\/tbody>\n<\/table>\n<p>Die folgenden Brauerein haben wir entweder schon bei diversen Bierwanderungen besucht, oder werden dies in den folgenden Jahren\u00a0 noch ausgiebig testen. F\u00fcr eine gr\u00f6\u00dfere Darstellung sowie eine Listenansicht aller Brauereien hier klicken:<a href=\"https:\/\/maps.google.de\/maps\/ms?msid=206425435726256949797.0004a8e979f848e43bc89&amp;msa=0&amp;ll=49.681847,11.263733&amp;spn=0.675309,1.238708&amp;iwloc=0004a8e9a5751614da24f\" target=\"_blank\"><span style=\"font-size: 12px; font-family: arial,helvetica,sans-serif;\"><code> Gro\u00dfe Karte + Listenansicht Brauereien<\/code><code><\/code><\/span><\/a><\/p>\n<p><a href=\"https:\/\/maps.google.de\/maps\/ms?msid=206425435726256949797.0004a8e979f848e43bc89&amp;msa=0&amp;ll=49.681847,11.263733&amp;spn=0.675309,1.238708&amp;iwloc=0004a8e9a5751614da24f\" target=\"_blank\"><span style=\"font-size: 12px; font-family: arial,helvetica,sans-serif;\"><code><iframe loading=\"lazy\" src=\"https:\/\/maps.google.de\/maps\/ms?msa=0&amp;msid=206425435726256949797.0004a8e979f848e43bc89&amp;hl=de&amp;ie=UTF8&amp;t=m&amp;ll=50.028917,11.291199&amp;spn=0.846919,2.002258&amp;z=9&amp;iwloc=0004a8e9a5751614da24f&amp;output=embed\" height=\"480\" width=\"730\" frameborder=\"0\" marginwidth=\"0\" marginheight=\"0\" scrolling=\"no\"><\/iframe><br \/>\n<small><span style=\"color: #0000ff; text-align: left;\">Brauereien in der Fr\u00e4nkischen<\/span> auf einer gr\u00f6\u00dferen Karte anzeigen<\/small><\/code><\/span><\/a><\/p>\n","protected":false},"excerpt":{"rendered":"<p>Views: 124 [CPD_READS_THIS] x gelesen Die folgenden Brauerein haben wir entweder schon bei diversen Bierwanderungen besucht, oder werden dies in den folgenden Jahren\u00a0 noch ausgiebig testen. F\u00fcr eine gr\u00f6\u00dfere Darstellung sowie eine Listenansicht aller Brauereien hier klicken: Gro\u00dfe Karte + Listenansicht Brauereien Brauereien in der Fr\u00e4nkischen auf einer gr\u00f6\u00dferen Karte anzeigen<\/p>\n","protected":false},"author":18,"featured_media":0,"parent":825,"menu_order":1,"comment_status":"open","ping_status":"closed","template":"","meta":{"footnotes":""},"class_list":["post-76899","page","type-page","status-publish","hentry","post-seq-1","post-parity-odd","meta-position-corners","fix"],"_links":{"self":[{"href":"https:\/\/www.runningsocks.de\/wordpress\/wp-json\/wp\/v2\/pages\/76899","targetHints":{"allow":["GET"]}}],"collection":[{"href":"https:\/\/www.runningsocks.de\/wordpress\/wp-json\/wp\/v2\/pages"}],"about":[{"href":"https:\/\/www.runningsocks.de\/wordpress\/wp-json\/wp\/v2\/types\/page"}],"author":[{"embeddable":true,"href":"https:\/\/www.runningsocks.de\/wordpress\/wp-json\/wp\/v2\/users\/18"}],"replies":[{"embeddable":true,"href":"https:\/\/www.runningsocks.de\/wordpress\/wp-json\/wp\/v2\/comments?post=76899"}],"version-history":[{"count":4,"href":"https:\/\/www.runningsocks.de\/wordpress\/wp-json\/wp\/v2\/pages\/76899\/revisions"}],"predecessor-version":[{"id":76903,"href":"https:\/\/www.runningsocks.de\/wordpress\/wp-json\/wp\/v2\/pages\/76899\/revisions\/76903"}],"up":[{"embeddable":true,"href":"https:\/\/www.runningsocks.de\/wordpress\/wp-json\/wp\/v2\/pages\/825"}],"wp:attachment":[{"href":"https:\/\/www.runningsocks.de\/wordpress\/wp-json\/wp\/v2\/media?parent=76899"}],"curies":[{"name":"wp","href":"https:\/\/api.w.org\/{rel}","templated":true}]}}